{"id":50,"date":"2025-06-10T09:08:06","date_gmt":"2025-06-10T09:08:06","guid":{"rendered":"https:\/\/villaostunitwo.com\/jetzt-buchen\/"},"modified":"2026-03-19T07:55:46","modified_gmt":"2026-03-19T07:55:46","slug":"jetzt-buchen","status":"publish","type":"page","link":"https:\/\/villaostunitwo.com\/ru\/jetzt-buchen\/","title":{"rendered":"\u0417\u0430\u0431\u0440\u043e\u043d\u0438\u0440\u043e\u0432\u0430\u0442\u044c \u0441\u0435\u0439\u0447\u0430\u0441"},"content":{"rendered":"<div data-elementor-type=\"wp-page\" data-elementor-id=\"50\" class=\"elementor elementor-50\" data-elementor-post-type=\"page\">\n\t\t\t\t\t\t<section class=\"elementor-section elementor-top-section elementor-element elementor-element-73d75342 elementor-section-boxed elementor-section-height-default elementor-section-height-default\" data-id=\"73d75342\" data-element_type=\"section\" data-e-type=\"section\">\n\t\t\t\t\t\t<div class=\"elementor-container elementor-column-gap-default\">\n\t\t\t\t\t<div class=\"elementor-column elementor-col-100 elementor-top-column elementor-element elementor-element-2ade734a\" data-id=\"2ade734a\" data-element_type=\"column\" data-e-type=\"column\">\n\t\t\t<div class=\"elementor-widget-wrap elementor-element-populated\">\n\t\t\t\t\t\t<div class=\"elementor-element elementor-element-6f3cf360 elementor-widget elementor-widget-heading\" data-id=\"6f3cf360\" data-element_type=\"widget\" data-e-type=\"widget\" data-widget_type=\"heading.default\">\n\t\t\t\t<div class=\"elementor-widget-container\">\n\t\t\t\t\t<h1 class=\"elementor-heading-title elementor-size-default\">\u0411\u0440\u043e\u043d\u0438\u0440\u0443\u0439\u0442\u0435 \u0441\u0435\u0439\u0447\u0430\u0441! <\/h1>\t\t\t\t<\/div>\n\t\t\t\t<\/div>\n\t\t\t\t<div class=\"elementor-element elementor-element-340c0ba0 elementor-widget elementor-widget-heading\" data-id=\"340c0ba0\" data-element_type=\"widget\" data-e-type=\"widget\" data-widget_type=\"heading.default\">\n\t\t\t\t<div class=\"elementor-widget-container\">\n\t\t\t\t\t<h2 class=\"elementor-heading-title elementor-size-default\">\u0418 \u0433\u0430\u0440\u0430\u043d\u0442\u0438\u0440\u043e\u0432\u0430\u043d\u043d\u043e \u043f\u043e\u043b\u0443\u0447\u0438\u0442\u0435 \u043b\u0443\u0447\u0448\u0443\u044e \u0446\u0435\u043d\u0443!<\/h2>\t\t\t\t<\/div>\n\t\t\t\t<\/div>\n\t\t\t\t<div class=\"elementor-element elementor-element-5c20618f elementor-widget elementor-widget-text-editor\" data-id=\"5c20618f\" data-element_type=\"widget\" data-e-type=\"widget\" data-widget_type=\"text-editor.default\">\n\t\t\t\t<div class=\"elementor-widget-container\">\n\t\t\t\t\t\t\t\t\t<p style=\"text-align: center;\">\u0411\u0440\u043e\u043d\u0438\u0440\u0443\u0439\u0442\u0435 \u043d\u0430\u043f\u0440\u044f\u043c\u0443\u044e \u0447\u0435\u0440\u0435\u0437 \u043d\u0430\u0448 \u0441\u0430\u0439\u0442 \u0438 \u043f\u043e\u043b\u0443\u0447\u0438\u0442\u0435 \u0433\u0430\u0440\u0430\u043d\u0442\u0438\u0440\u043e\u0432\u0430\u043d\u043d\u043e \u043b\u0443\u0447\u0448\u0443\u044e \u0446\u0435\u043d\u0443.<\/p>\n<p style=\"text-align: center;\">\u0412\u044b \u043c\u043e\u0436\u0435\u0442\u0435 \u0437\u0430\u0431\u0440\u043e\u043d\u0438\u0440\u043e\u0432\u0430\u0442\u044c <u>\u0431\u0435\u0441\u043f\u043b\u0430\u0442\u043d\u043e \u043e\u0442\u043a\u0430\u0437\u0430\u0442\u044c\u0441\u044f \u043e\u0442 \u043f\u043e\u0435\u0437\u0434\u043a\u0438 \u0437\u0430 30 \u0434\u043d\u0435\u0439 \u0434\u043e \u0434\u0430\u0442\u044b \u0432\u044b\u043b\u0435\u0442\u0430<\/u>. \u041f\u043e \u0438\u0441\u0442\u0435\u0447\u0435\u043d\u0438\u0438 \u044d\u0442\u043e\u0433\u043e \u0432\u0440\u0435\u043c\u0435\u043d\u0438 \u0431\u0440\u043e\u043d\u0438\u0440\u043e\u0432\u0430\u043d\u0438\u0435 \u0431\u043e\u043b\u044c\u0448\u0435 \u043d\u0435 \u043c\u043e\u0436\u0435\u0442 \u0431\u044b\u0442\u044c \u043e\u0442\u043c\u0435\u043d\u0435\u043d\u043e \u0431\u0435\u0441\u043f\u043b\u0430\u0442\u043d\u043e, \u0438 \u043c\u044b \u0432\u0437\u0438\u043c\u0430\u0435\u043c 100% \u043e\u0442 \u0441\u0443\u043c\u043c\u044b \u0431\u0440\u043e\u043d\u0438\u0440\u043e\u0432\u0430\u043d\u0438\u044f.<\/p>\n<p style=\"text-align: center;\">\u041f\u043e\u0441\u043b\u0435 \u0431\u0440\u043e\u043d\u0438\u0440\u043e\u0432\u0430\u043d\u0438\u044f \u0432\u044b \u043f\u043e\u043b\u0443\u0447\u0438\u0442\u0435 \u043e\u0442 \u043d\u0430\u0441 \u0437\u0430\u043f\u0440\u043e\u0441 \u043d\u0430 \u043e\u043f\u043b\u0430\u0442\u0443, \u0432 \u043a\u043e\u0442\u043e\u0440\u043e\u043c \u043c\u044b \u043f\u043e\u043f\u0440\u043e\u0441\u0438\u043c \u0432\u0430\u0441 \u043f\u0435\u0440\u0435\u0432\u0435\u0441\u0442\u0438 \u0432\u0441\u044e \u0441\u0443\u043c\u043c\u0443 \u043d\u0430 \u043d\u0430\u0448 \u0441\u0447\u0435\u0442 \u0432 \u0443\u0441\u0442\u0430\u043d\u043e\u0432\u043b\u0435\u043d\u043d\u044b\u0439 \u0441\u0440\u043e\u043a.<\/p>\t\t\t\t\t\t\t\t<\/div>\n\t\t\t\t<\/div>\n\t\t\t\t\t<\/div>\n\t\t<\/div>\n\t\t\t\t\t<\/div>\n\t\t<\/section>\n\t\t\t\t<section class=\"elementor-section elementor-top-section elementor-element elementor-element-3815255d elementor-section-boxed elementor-section-height-default elementor-section-height-default\" data-id=\"3815255d\" data-element_type=\"section\" data-e-type=\"section\">\n\t\t\t\t\t\t<div class=\"elementor-container elementor-column-gap-default\">\n\t\t\t\t\t<div class=\"elementor-column elementor-col-100 elementor-top-column elementor-element elementor-element-1e0c317\" data-id=\"1e0c317\" data-element_type=\"column\" data-e-type=\"column\">\n\t\t\t<div class=\"elementor-widget-wrap elementor-element-populated\">\n\t\t\t\t\t\t<div class=\"elementor-element elementor-element-1fe24fea elementor-widget elementor-widget-html\" data-id=\"1fe24fea\" data-element_type=\"widget\" data-e-type=\"widget\" data-widget_type=\"html.default\">\n\t\t\t\t<div class=\"elementor-widget-container\">\n\t\t\t\t\t<iframe src =\"https:\/\/bookings.aparts24.de\/booking2.php?propid=289867&amp;referer=iframe\" width=\"800\" height=\"1100\" style=\"max-width:100%;border:none;overflow:auto;\"><p><a href=\"https:\/\/bookings.aparts24.de\/booking2.php?propid=289867&amp;referer=iframe\" title=\"\u0417\u0430\u0431\u0440\u043e\u043d\u0438\u0440\u043e\u0432\u0430\u0442\u044c \u0441\u0435\u0439\u0447\u0430\u0441\">\u0417\u0430\u0431\u0440\u043e\u043d\u0438\u0440\u043e\u0432\u0430\u0442\u044c \u0441\u0435\u0439\u0447\u0430\u0441<\/a><\/p><\/iframe>\t\t\t\t<\/div>\n\t\t\t\t<\/div>\n\t\t\t\t\t<\/div>\n\t\t<\/div>\n\t\t\t\t\t<\/div>\n\t\t<\/section>\n\t\t\t\t<\/div>","protected":false},"excerpt":{"rendered":"<p>Jetzt buchen! Und garantiert den g\u00fcnstigsten Preis erhalten! Buchen Sie direkt \u00fcber unsere Webseite und erhalten Sie so garantiert den g\u00fcnstigsten Preis. Sie k\u00f6nnen Ihre Buchung bis 30 Tage vor Ihrem Abreisedatum kostenfrei stornieren. Nach Ablauf dieser Zeit ist die Buchung nicht mehr kostenfrei stornierbar und wir berechnen 100% des Buchungsbetrags. Sie erhalten nach Buchung [&hellip;]<\/p>\n","protected":false},"author":1,"featured_media":0,"parent":0,"menu_order":0,"comment_status":"closed","ping_status":"closed","template":"","meta":{"footnotes":""},"class_list":["post-50","page","type-page","status-publish","hentry"],"_links":{"self":[{"href":"https:\/\/villaostunitwo.com\/ru\/wp-json\/wp\/v2\/pages\/50","targetHints":{"allow":["GET"]}}],"collection":[{"href":"https:\/\/villaostunitwo.com\/ru\/wp-json\/wp\/v2\/pages"}],"about":[{"href":"https:\/\/villaostunitwo.com\/ru\/wp-json\/wp\/v2\/types\/page"}],"author":[{"embeddable":true,"href":"https:\/\/villaostunitwo.com\/ru\/wp-json\/wp\/v2\/users\/1"}],"replies":[{"embeddable":true,"href":"https:\/\/villaostunitwo.com\/ru\/wp-json\/wp\/v2\/comments?post=50"}],"version-history":[{"count":3,"href":"https:\/\/villaostunitwo.com\/ru\/wp-json\/wp\/v2\/pages\/50\/revisions"}],"predecessor-version":[{"id":4064,"href":"https:\/\/villaostunitwo.com\/ru\/wp-json\/wp\/v2\/pages\/50\/revisions\/4064"}],"wp:attachment":[{"href":"https:\/\/villaostunitwo.com\/ru\/wp-json\/wp\/v2\/media?parent=50"}],"curies":[{"name":"wp","href":"https:\/\/api.w.org\/{rel}","templated":true}]}}