{"id":53,"date":"2025-06-10T09:08:06","date_gmt":"2025-06-10T09:08:06","guid":{"rendered":"https:\/\/villaostunitwo.com\/impressum\/"},"modified":"2025-10-20T18:17:09","modified_gmt":"2025-10-20T18:17:09","slug":"impressum","status":"publish","type":"page","link":"https:\/\/villaostunitwo.com\/nl\/impressum\/","title":{"rendered":"Afdruk"},"content":{"rendered":"<div data-elementor-type=\"wp-page\" data-elementor-id=\"53\" class=\"elementor elementor-53\" data-elementor-post-type=\"page\">\n\t\t\t\t\t\t<section class=\"elementor-section elementor-top-section elementor-element elementor-element-730e4b60 elementor-section-boxed elementor-section-height-default elementor-section-height-default\" data-id=\"730e4b60\" data-element_type=\"section\" data-e-type=\"section\">\n\t\t\t\t\t\t<div class=\"elementor-container elementor-column-gap-default\">\n\t\t\t\t\t<div class=\"elementor-column elementor-col-100 elementor-top-column elementor-element elementor-element-f882ea\" data-id=\"f882ea\" data-element_type=\"column\" data-e-type=\"column\">\n\t\t\t<div class=\"elementor-widget-wrap elementor-element-populated\">\n\t\t\t\t\t\t<div class=\"elementor-element elementor-element-763bd60 elementor-widget elementor-widget-text-editor\" data-id=\"763bd60\" data-element_type=\"widget\" data-e-type=\"widget\" data-widget_type=\"text-editor.default\">\n\t\t\t\t<div class=\"elementor-widget-container\">\n\t\t\t\t\t\t\t\t\t<h2>Afdruk<\/h2><p>VILLA OSTUNI TWO S.R.L.,<\/p><p>Bedrijfsadres: <br \/>Via Dott. Francesco Rodio n. 2, 72017 Ostuni, Itali\u00eb<\/p><p>Locatie Villa\/Verzorging: <br \/>Contrada Vado Aperto s.n.c., 72017 Ostuni<\/p><p>+49 151 15237326<br \/><a style=\"background-color: #ffffff; font-size: 1rem;\" href=\"mailto:info@villaostunitwo.com\">info@villaostunitwo.com<\/a><\/p><p><strong>Vertegenwoordigd door:<\/strong><br \/>Claudio Scelsi<\/p><p><strong>ID verkoopbelasting: <\/strong><br \/>Omzetbelastingidentificatienummer volgens \u00a727a omzetbelastingwet:<br \/>IT02774210740<\/p><h2>Kennisgeving in overeenstemming met de Online Geschillenbeslechtingsverordening<\/h2><p>Volgens de geldende wetgeving zijn wij verplicht om consumenten te informeren over het bestaan van het Europees platform voor onlinegeschillenbeslechting, dat kan worden gebruikt om geschillen op te lossen zonder naar de rechter te hoeven stappen. De Europese Commissie is verantwoordelijk voor het opzetten van het platform. Het Europese platform voor onlinegeschillenbeslechting vindt u hier: <a href=\"http:\/\/ec.europa.eu\/odr\" target=\"_blank\" rel=\"nofollow noopener\">http:\/\/ec.europa.eu\/odr<\/a>. Onze e-mail is: <a href=\"\/nl\/info@villaostunione.com\/\">info@villaostunione.com<\/a><\/p><p>We willen er echter op wijzen dat we niet bereid zijn om deel te nemen aan de geschillenbeslechtingsprocedure in het kader van het Europees platform voor onlinegeschillenbeslechting. Gebruik ons e-mailadres en telefoonnummer hierboven om contact met ons op te nemen.<\/p><h2>Copyright<\/h2><p>Foto's op de subpagina 'Evenementen' en in de galerij 'Evenementen':<strong> Nicole Wahle<\/strong> (<a href=\"https:\/\/www.instagram.com\/nickywahle.photography\">@nickywahle.photography<\/a>, <a href=\"https:\/\/www.nickywahle-photography.de\">www.nickywahle-photography.de<\/a>)<\/p><p>Video:<strong> Dennis Wahle<\/strong> (<a href=\"https:\/\/www.instagram.com\/german_pic_style_\">@german_pic_style_<\/a>)<\/p><p>Meer foto's: <strong>Format21 GbR<\/strong> - Thomas Drechsler en Sebastian Grabsch (<a href=\"https:\/\/www.instagram.com\/format.21\">@Formaat.21<\/a>)<\/p><p>Alle genoemde werken zijn auteursrechtelijk beschermd. Alle rechten voorbehouden.<\/p><h2>Disclaimer - juridische informatie<\/h2><p>\u00a7 1 Waarschuwing inhoud<br \/>De gratis en vrij toegankelijke inhoud van deze website is met de grootst mogelijke zorg samengesteld. De aanbieder van deze website aanvaardt echter geen aansprakelijkheid voor de juistheid en actualiteit van de gratis en vrij toegankelijke journalistieke gidsen en nieuwsberichten. Bijdragen met een naam geven de mening van de betreffende auteur weer en niet altijd de mening van de aanbieder. Er ontstaat geen contractuele relatie tussen de gebruiker en de aanbieder alleen door toegang tot de gratis en vrij toegankelijke inhoud; in dit opzicht ontbreekt de intentie van de aanbieder om wettelijk gebonden te zijn.<\/p><p>\u00a7 2 Externe links<br \/>Deze website bevat links naar websites van derden (\"externe links\"). Deze websites vallen onder de aansprakelijkheid van de respectieve exploitanten. Bij het aanmaken van de externe links heeft de aanbieder de inhoud van derden gecontroleerd op eventuele wetsovertredingen. Op dat moment waren er geen wettelijke overtredingen zichtbaar. De aanbieder heeft geen enkele invloed op de actuele en toekomstige vormgeving en inhoud van de gelinkte pagina's. Het plaatsen van externe links betekent niet dat de aanbieder de inhoud achter de verwijzing of link als zijn eigen inhoud overneemt. Van de aanbieder kan redelijkerwijs niet worden verwacht dat hij externe links voortdurend controleert zonder concreet bewijs van wetsovertredingen. Dergelijke externe links worden echter onmiddellijk verwijderd als we ons bewust worden van eventuele wetsovertredingen.<\/p><p>\u00a7 3 Auteursrecht en naburige rechten<br \/>De op deze website gepubliceerde inhoud is onderworpen aan het Duitse auteursrecht en aanverwante wetgeving. Voor elk gebruik dat niet is toegestaan volgens het Duitse auteurs- en aanverwante recht is de voorafgaande schriftelijke toestemming van de aanbieder of de respectieve rechthebbende vereist. Dit geldt in het bijzonder voor het dupliceren, bewerken, vertalen, opslaan, verwerken of reproduceren van inhoud in databases of andere elektronische media en systemen. Inhoud en rechten van derden zijn als zodanig gekenmerkt. Ongeoorloofde reproductie of verspreiding van afzonderlijke inhoud of volledige pagina's is niet toegestaan en strafbaar. Alleen de productie van kopie\u00ebn en downloads voor persoonlijk, priv\u00e9- en niet-commercieel gebruik is toegestaan.<\/p><p>De presentatie van deze website in externe frames is alleen toegestaan met schriftelijke toestemming.<\/p><p>\u00a7 4 Bijzondere gebruiksvoorwaarden<br \/>Voor zover bijzondere voorwaarden voor individueel gebruik van deze website afwijken van de voornoemde paragrafen, wordt dit uitdrukkelijk vermeld op het betreffende punt. In dat geval gelden de bijzondere gebruiksvoorwaarden voor elk afzonderlijk geval.<\/p><p>Bron: <a href=\"https:\/\/www.juraforum.de\/disclaimer_muster\">Bel artikel<\/a><\/p><p>\u00a0<\/p>\t\t\t\t\t\t\t\t<\/div>\n\t\t\t\t<\/div>\n\t\t\t\t\t<\/div>\n\t\t<\/div>\n\t\t\t\t\t<\/div>\n\t\t<\/section>\n\t\t\t\t<\/div>","protected":false},"excerpt":{"rendered":"<p>Impressum VILLA OSTUNI TWO S.R.L., Gesch\u00e4ftsadresse: Via Dott. Francesco Rodio n. 2, 72017 Ostuni, Italy Location Villa\/Lieferung: Contrada Vado Aperto s.n.c., 72017 Ostuni +49 151 15237326info@villaostunitwo.com Vertreten durch:Claudio Scelsi Umsatzsteuer-ID: Umsatzsteuer-Identifikationsnummer nach \u00a727a Umsatzsteuergesetz:IT02774210740 Hinweis gem\u00e4\u00df Online-Streitbeilegungs-Verordnung Nach geltendem Recht sind wir verpflichtet, Verbraucher auf die Existenz der Europ\u00e4ischen Online-Streitbeilegungs-Plattform hinzuweisen, die f\u00fcr die Beilegung [&hellip;]<\/p>\n","protected":false},"author":1,"featured_media":0,"parent":0,"menu_order":0,"comment_status":"closed","ping_status":"closed","template":"","meta":{"footnotes":""},"class_list":["post-53","page","type-page","status-publish","hentry"],"_links":{"self":[{"href":"https:\/\/villaostunitwo.com\/nl\/wp-json\/wp\/v2\/pages\/53","targetHints":{"allow":["GET"]}}],"collection":[{"href":"https:\/\/villaostunitwo.com\/nl\/wp-json\/wp\/v2\/pages"}],"about":[{"href":"https:\/\/villaostunitwo.com\/nl\/wp-json\/wp\/v2\/types\/page"}],"author":[{"embeddable":true,"href":"https:\/\/villaostunitwo.com\/nl\/wp-json\/wp\/v2\/users\/1"}],"replies":[{"embeddable":true,"href":"https:\/\/villaostunitwo.com\/nl\/wp-json\/wp\/v2\/comments?post=53"}],"version-history":[{"count":0,"href":"https:\/\/villaostunitwo.com\/nl\/wp-json\/wp\/v2\/pages\/53\/revisions"}],"wp:attachment":[{"href":"https:\/\/villaostunitwo.com\/nl\/wp-json\/wp\/v2\/media?parent=53"}],"curies":[{"name":"wp","href":"https:\/\/api.w.org\/{rel}","templated":true}]}}