{"id":53,"date":"2025-06-10T09:08:06","date_gmt":"2025-06-10T09:08:06","guid":{"rendered":"https:\/\/villaostunitwo.com\/impressum\/"},"modified":"2025-10-20T18:17:09","modified_gmt":"2025-10-20T18:17:09","slug":"impressum","status":"publish","type":"page","link":"https:\/\/villaostunitwo.com\/it\/impressum\/","title":{"rendered":"Impronta"},"content":{"rendered":"<div data-elementor-type=\"wp-page\" data-elementor-id=\"53\" class=\"elementor elementor-53\" data-elementor-post-type=\"page\">\n\t\t\t\t\t\t<section class=\"elementor-section elementor-top-section elementor-element elementor-element-730e4b60 elementor-section-boxed elementor-section-height-default elementor-section-height-default\" data-id=\"730e4b60\" data-element_type=\"section\" data-e-type=\"section\">\n\t\t\t\t\t\t<div class=\"elementor-container elementor-column-gap-default\">\n\t\t\t\t\t<div class=\"elementor-column elementor-col-100 elementor-top-column elementor-element elementor-element-f882ea\" data-id=\"f882ea\" data-element_type=\"column\" data-e-type=\"column\">\n\t\t\t<div class=\"elementor-widget-wrap elementor-element-populated\">\n\t\t\t\t\t\t<div class=\"elementor-element elementor-element-763bd60 elementor-widget elementor-widget-text-editor\" data-id=\"763bd60\" data-element_type=\"widget\" data-e-type=\"widget\" data-widget_type=\"text-editor.default\">\n\t\t\t\t<div class=\"elementor-widget-container\">\n\t\t\t\t\t\t\t\t\t<h2>Impronta<\/h2><p>VILLA OSTUNI DUE S.R.L.,<\/p><p>Indirizzo commerciale: <br \/>Via Dott. Francesco Rodio n. 2, 72017 Ostuni, Italia<\/p><p>Posizione Villa\/Consegna: <br \/>Contrada Vado Aperto s.n.c., 72017 Ostuni<\/p><p>+49 151 15237326<br \/><a style=\"background-color: #ffffff; font-size: 1rem;\" href=\"mailto:info@villaostunitwo.com\">info@villaostunitwo.com<\/a><\/p><p><strong>Rappresentato da:<\/strong><br \/>Claudio Scelsi<\/p><p><strong>Codice fiscale delle vendite: <\/strong><br \/>Numero di identificazione dell'imposta sulle vendite secondo il \u00a727a della legge sull'imposta sulle vendite:<br \/>IT02774210740<\/p><h2>Avviso ai sensi del Regolamento per la risoluzione delle controversie online<\/h2><p>In base alla normativa vigente, siamo tenuti a informare i consumatori dell'esistenza della Piattaforma europea di risoluzione delle controversie online, che pu\u00f2 essere utilizzata per risolvere le controversie senza dover ricorrere al tribunale. La Commissione europea \u00e8 responsabile della creazione della piattaforma. La Piattaforma europea per la risoluzione delle controversie online \u00e8 disponibile qui: <a href=\"http:\/\/ec.europa.eu\/odr\" target=\"_blank\" rel=\"nofollow noopener\">http:\/\/ec.europa.eu\/odr<\/a>. La nostra e-mail \u00e8: <a href=\"\/it\/info@villaostunione.com\/\">info@villaostunione.com<\/a><\/p><p>Tuttavia, desideriamo sottolineare che non siamo disposti a partecipare alla procedura di risoluzione delle controversie nell'ambito della Piattaforma europea di risoluzione delle controversie online. Per contattarci, si prega di utilizzare l'e-mail e il numero di telefono sopra indicati.<\/p><h2>Avviso di copyright<\/h2><p>Foto nella sottopagina \"Eventi\" e nella galleria \"Eventi\":<strong> Nicole Wahle<\/strong> (<a href=\"https:\/\/www.instagram.com\/nickywahle.photography\">@nickywahle.photography<\/a>, <a href=\"https:\/\/www.nickywahle-photography.de\">www.nickywahle-photography.de<\/a>)<\/p><p>Video:<strong> Dennis Wahle<\/strong> (<a href=\"https:\/\/www.instagram.com\/german_pic_style_\">@german_pic_style_<\/a>)<\/p><p>Altre foto: <strong>Format21 GbR<\/strong> - Thomas Drechsler e Sebastian Grabsch (<a href=\"https:\/\/www.instagram.com\/format.21\">@Format.21<\/a>)<\/p><p>Tutte le opere citate sono protette da copyright. Tutti i diritti sono riservati.<\/p><h2>Disclaimer - informazioni legali<\/h2><p>\u00a7 1 Avvertenza sul contenuto<br \/>Il contenuto gratuito e liberamente accessibile di questo sito web \u00e8 stato creato con la massima cura possibile. Tuttavia, il fornitore di questo sito web non si assume alcuna responsabilit\u00e0 per l'accuratezza e l'attualit\u00e0 delle guide giornalistiche e delle notizie gratuite e liberamente accessibili fornite. I contributi contrassegnati da un nome riflettono l'opinione del rispettivo autore e non sempre l'opinione del provider. Non si instaura alcun rapporto contrattuale tra l'utente e il fornitore per il semplice fatto di accedere ai contenuti gratuiti e liberamente accessibili; a questo proposito, manca l'intenzione del fornitore di essere legalmente vincolato.<\/p><p>\u00a7 2 Collegamenti esterni<br \/>Questo sito web contiene link a siti web di terzi (\"link esterni\"). Questi siti web sono soggetti alla responsabilit\u00e0 dei rispettivi gestori. Al momento della creazione dei link esterni, il provider ha verificato che i contenuti di terzi non presentassero violazioni di legge. In quel momento non sono state riscontrate violazioni legali. L'offerente non ha alcuna influenza sul design e sui contenuti attuali e futuri delle pagine collegate. L'inserimento di link esterni non implica che l'offerente adotti come propri i contenuti che si celano dietro il riferimento o il link. Non si pu\u00f2 ragionevolmente pretendere che l'offerente controlli costantemente i link esterni senza prove concrete di violazioni legali. Tuttavia, tali link esterni saranno cancellati immediatamente qualora venissimo a conoscenza di violazioni di legge.<\/p><p>\u00a7 3 Diritto d'autore e diritti connessi<br \/>I contenuti pubblicati su questo sito web sono soggetti alle leggi tedesche sul copyright e sui diritti d'autore accessori. Qualsiasi utilizzo non autorizzato dalle leggi tedesche sul diritto d'autore e sui diritti accessori richiede il previo consenso scritto del fornitore o del rispettivo titolare dei diritti. Ci\u00f2 vale in particolare per la duplicazione, la modifica, la traduzione, la memorizzazione, l'elaborazione o la riproduzione di contenuti in banche dati o altri supporti e sistemi elettronici. I contenuti e i diritti di terzi sono contrassegnati come tali. La riproduzione o la distribuzione non autorizzata di singoli contenuti o di pagine complete non \u00e8 consentita ed \u00e8 punibile per legge. \u00c8 consentita solo la produzione di copie e download per uso personale, privato e non commerciale.<\/p><p>La presentazione di questo sito web in frame esterni \u00e8 consentita solo previa autorizzazione scritta.<\/p><p>\u00a7 4 Condizioni speciali di utilizzo<br \/>Se le condizioni speciali per i singoli utilizzi di questo sito web si discostano dai paragrafi sopra citati, ci\u00f2 verr\u00e0 espressamente indicato nel punto appropriato. In questo caso, le condizioni speciali di utilizzo si applicano in ogni singolo caso.<\/p><p>Fonte: <a href=\"https:\/\/www.juraforum.de\/disclaimer_muster\">Chiama l'articolo<\/a><\/p><p>\u00a0<\/p>\t\t\t\t\t\t\t\t<\/div>\n\t\t\t\t<\/div>\n\t\t\t\t\t<\/div>\n\t\t<\/div>\n\t\t\t\t\t<\/div>\n\t\t<\/section>\n\t\t\t\t<\/div>","protected":false},"excerpt":{"rendered":"<p>Impressum VILLA OSTUNI TWO S.R.L., Gesch\u00e4ftsadresse: Via Dott. Francesco Rodio n. 2, 72017 Ostuni, Italy Location Villa\/Lieferung: Contrada Vado Aperto s.n.c., 72017 Ostuni +49 151 15237326info@villaostunitwo.com Vertreten durch:Claudio Scelsi Umsatzsteuer-ID: Umsatzsteuer-Identifikationsnummer nach \u00a727a Umsatzsteuergesetz:IT02774210740 Hinweis gem\u00e4\u00df Online-Streitbeilegungs-Verordnung Nach geltendem Recht sind wir verpflichtet, Verbraucher auf die Existenz der Europ\u00e4ischen Online-Streitbeilegungs-Plattform hinzuweisen, die f\u00fcr die Beilegung [&hellip;]<\/p>\n","protected":false},"author":1,"featured_media":0,"parent":0,"menu_order":0,"comment_status":"closed","ping_status":"closed","template":"","meta":{"footnotes":""},"class_list":["post-53","page","type-page","status-publish","hentry"],"_links":{"self":[{"href":"https:\/\/villaostunitwo.com\/it\/wp-json\/wp\/v2\/pages\/53","targetHints":{"allow":["GET"]}}],"collection":[{"href":"https:\/\/villaostunitwo.com\/it\/wp-json\/wp\/v2\/pages"}],"about":[{"href":"https:\/\/villaostunitwo.com\/it\/wp-json\/wp\/v2\/types\/page"}],"author":[{"embeddable":true,"href":"https:\/\/villaostunitwo.com\/it\/wp-json\/wp\/v2\/users\/1"}],"replies":[{"embeddable":true,"href":"https:\/\/villaostunitwo.com\/it\/wp-json\/wp\/v2\/comments?post=53"}],"version-history":[{"count":0,"href":"https:\/\/villaostunitwo.com\/it\/wp-json\/wp\/v2\/pages\/53\/revisions"}],"wp:attachment":[{"href":"https:\/\/villaostunitwo.com\/it\/wp-json\/wp\/v2\/media?parent=53"}],"curies":[{"name":"wp","href":"https:\/\/api.w.org\/{rel}","templated":true}]}}