{"id":53,"date":"2025-06-10T09:08:06","date_gmt":"2025-06-10T09:08:06","guid":{"rendered":"https:\/\/villaostunitwo.com\/impressum\/"},"modified":"2025-10-20T18:17:09","modified_gmt":"2025-10-20T18:17:09","slug":"impressum","status":"publish","type":"page","link":"https:\/\/villaostunitwo.com\/es\/impressum\/","title":{"rendered":"Pie de imprenta"},"content":{"rendered":"<div data-elementor-type=\"wp-page\" data-elementor-id=\"53\" class=\"elementor elementor-53\" data-elementor-post-type=\"page\">\n\t\t\t\t\t\t<section class=\"elementor-section elementor-top-section elementor-element elementor-element-730e4b60 elementor-section-boxed elementor-section-height-default elementor-section-height-default\" data-id=\"730e4b60\" data-element_type=\"section\" data-e-type=\"section\">\n\t\t\t\t\t\t<div class=\"elementor-container elementor-column-gap-default\">\n\t\t\t\t\t<div class=\"elementor-column elementor-col-100 elementor-top-column elementor-element elementor-element-f882ea\" data-id=\"f882ea\" data-element_type=\"column\" data-e-type=\"column\">\n\t\t\t<div class=\"elementor-widget-wrap elementor-element-populated\">\n\t\t\t\t\t\t<div class=\"elementor-element elementor-element-763bd60 elementor-widget elementor-widget-text-editor\" data-id=\"763bd60\" data-element_type=\"widget\" data-e-type=\"widget\" data-widget_type=\"text-editor.default\">\n\t\t\t\t<div class=\"elementor-widget-container\">\n\t\t\t\t\t\t\t\t\t<h2>Pie de imprenta<\/h2><p>VILLA OSTUNI DOS S.R.L.,<\/p><p>Direcci\u00f3n de la empresa: <br \/>Via Dott. Francesco Rodio n. 2, 72017 Ostuni, Italia<\/p><p>Ubicaci\u00f3n Villa\/Entrega: <br \/>Contrada Vado Aperto s.n.c., 72017 Ostuni<\/p><p>+49 151 15237326<br \/><a style=\"background-color: #ffffff; font-size: 1rem;\" href=\"mailto:info@villaostunitwo.com\">info@villaostunitwo.com<\/a><\/p><p><strong>Representado por:<\/strong><br \/>Claudio Scelsi<\/p><p><strong>N\u00famero de identificaci\u00f3n fiscal: <\/strong><br \/>N\u00famero de identificaci\u00f3n fiscal conforme al art\u00edculo 27 bis de la Ley del impuesto sobre las ventas:<br \/>IT02774210740<\/p><h2>Notificaci\u00f3n de conformidad con el Reglamento sobre resoluci\u00f3n de litigios en l\u00ednea<\/h2><p>En virtud de la legislaci\u00f3n aplicable, estamos obligados a informar a los consumidores de la existencia de la Plataforma Europea de Resoluci\u00f3n de Litigios en L\u00ednea, que puede utilizarse para resolver litigios sin tener que acudir a los tribunales. La Comisi\u00f3n Europea es responsable de la creaci\u00f3n de la plataforma. La Plataforma Europea de Resoluci\u00f3n de Litigios en L\u00ednea puede consultarse aqu\u00ed: <a href=\"http:\/\/ec.europa.eu\/odr\" target=\"_blank\" rel=\"nofollow noopener\">http:\/\/ec.europa.eu\/odr<\/a>. Nuestro e-mail es: <a href=\"\/es\/info@villaostunione.com\/\">info@villaostunione.com<\/a><\/p><p>Sin embargo, nos gustar\u00eda se\u00f1alar que no estamos dispuestos a participar en el procedimiento de resoluci\u00f3n de litigios en el marco de la Plataforma Europea de Resoluci\u00f3n de Litigios en L\u00ednea. Por favor, utilice nuestro correo electr\u00f3nico y n\u00famero de tel\u00e9fono arriba indicados para ponerse en contacto con nosotros.<\/p><h2>Copyright<\/h2><p>Fotos en la subp\u00e1gina \"Eventos\" y en la galer\u00eda \"Eventos\":<strong> Nicole Wahle<\/strong> (<a href=\"https:\/\/www.instagram.com\/nickywahle.photography\">@nickywahle.photography<\/a>, <a href=\"https:\/\/www.nickywahle-photography.de\">www.nickywahle-photography.de<\/a>)<\/p><p>V\u00eddeo:<strong> Dennis Wahle<\/strong> (<a href=\"https:\/\/www.instagram.com\/german_pic_style_\">@german_pic_style_<\/a>)<\/p><p>M\u00e1s fotos: <strong>Format21 GbR<\/strong> - Thomas Drechsler y Sebastian Grabsch (<a href=\"https:\/\/www.instagram.com\/format.21\">@Formato.21<\/a>)<\/p><p>Todas las obras mencionadas est\u00e1n protegidas por derechos de autor. Todos los derechos reservados.<\/p><h2>Aviso legal<\/h2><p>\u00a7 1 Advertencia sobre el contenido<br \/>El contenido gratuito y de libre acceso de este sitio web ha sido creado con el mayor cuidado posible. Sin embargo, el proveedor de este sitio web no se hace responsable de la exactitud y actualidad de las gu\u00edas y noticias period\u00edsticas gratuitas y de libre acceso que se ofrecen. Las contribuciones etiquetadas con el nombre reflejan la opini\u00f3n del autor respectivo y no siempre la opini\u00f3n del proveedor. No se establece ninguna relaci\u00f3n contractual entre el usuario y el proveedor por el mero hecho de acceder a los contenidos gratuitos y de libre acceso; en este sentido, falta la intenci\u00f3n del proveedor de obligarse jur\u00eddicamente.<\/p><p>\u00a7 2 Enlaces externos<br \/>Este sitio web contiene enlaces a sitios web de terceros (\"enlaces externos\"). Estos sitios web est\u00e1n sujetos a la responsabilidad de sus respectivos operadores. Cuando se crearon por primera vez los enlaces externos, el proveedor comprob\u00f3 los contenidos de terceros para detectar posibles infracciones legales. En ese momento no se detectaron infracciones legales. El proveedor no tiene influencia alguna sobre el dise\u00f1o y el contenido actuales y futuros de las p\u00e1ginas enlazadas. La inclusi\u00f3n de enlaces externos no significa que el proveedor adopte como propios los contenidos que se encuentran tras la referencia o el enlace. No es razonable esperar que el proveedor controle constantemente los enlaces externos sin pruebas concretas de infracciones legales. No obstante, dichos enlaces externos se eliminar\u00e1n inmediatamente si tenemos conocimiento de alguna infracci\u00f3n legal.<\/p><p>\u00a7 3 Derechos de autor y derechos afines<br \/>Los contenidos publicados en este sitio web est\u00e1n sujetos a la legislaci\u00f3n alemana sobre derechos de autor y derechos afines. Cualquier uso no autorizado por la legislaci\u00f3n alemana sobre derechos de autor y derechos afines requiere el consentimiento previo por escrito del proveedor o del titular de los derechos correspondiente. Esto se aplica en particular a la duplicaci\u00f3n, edici\u00f3n, traducci\u00f3n, almacenamiento, procesamiento o reproducci\u00f3n de contenidos en bases de datos u otros medios y sistemas electr\u00f3nicos. Los contenidos y derechos de terceros est\u00e1n etiquetados como tales. La reproducci\u00f3n o distribuci\u00f3n no autorizada de contenidos individuales o p\u00e1ginas completas no est\u00e1 permitida y est\u00e1 penada por la ley. S\u00f3lo se permite la producci\u00f3n de copias y descargas para uso personal, privado y no comercial.<\/p><p>La presentaci\u00f3n de este sitio web en marcos externos s\u00f3lo est\u00e1 permitida con autorizaci\u00f3n por escrito.<\/p><p>\u00a7 4 Condiciones especiales de uso<br \/>En la medida en que las condiciones especiales para usos individuales de este sitio web se desv\u00eden de los p\u00e1rrafos anteriores, esto se indicar\u00e1 expresamente en el punto correspondiente. En tal caso, se aplicar\u00e1n las condiciones especiales de uso en cada caso concreto.<\/p><p>Fuente: <a href=\"https:\/\/www.juraforum.de\/disclaimer_muster\">Llamar al art\u00edculo<\/a><\/p><p>\u00a0<\/p>\t\t\t\t\t\t\t\t<\/div>\n\t\t\t\t<\/div>\n\t\t\t\t\t<\/div>\n\t\t<\/div>\n\t\t\t\t\t<\/div>\n\t\t<\/section>\n\t\t\t\t<\/div>","protected":false},"excerpt":{"rendered":"<p>Impressum VILLA OSTUNI TWO S.R.L., Gesch\u00e4ftsadresse: Via Dott. Francesco Rodio n. 2, 72017 Ostuni, Italy Location Villa\/Lieferung: Contrada Vado Aperto s.n.c., 72017 Ostuni +49 151 15237326info@villaostunitwo.com Vertreten durch:Claudio Scelsi Umsatzsteuer-ID: Umsatzsteuer-Identifikationsnummer nach \u00a727a Umsatzsteuergesetz:IT02774210740 Hinweis gem\u00e4\u00df Online-Streitbeilegungs-Verordnung Nach geltendem Recht sind wir verpflichtet, Verbraucher auf die Existenz der Europ\u00e4ischen Online-Streitbeilegungs-Plattform hinzuweisen, die f\u00fcr die Beilegung [&hellip;]<\/p>\n","protected":false},"author":1,"featured_media":0,"parent":0,"menu_order":0,"comment_status":"closed","ping_status":"closed","template":"","meta":{"footnotes":""},"class_list":["post-53","page","type-page","status-publish","hentry"],"_links":{"self":[{"href":"https:\/\/villaostunitwo.com\/es\/wp-json\/wp\/v2\/pages\/53","targetHints":{"allow":["GET"]}}],"collection":[{"href":"https:\/\/villaostunitwo.com\/es\/wp-json\/wp\/v2\/pages"}],"about":[{"href":"https:\/\/villaostunitwo.com\/es\/wp-json\/wp\/v2\/types\/page"}],"author":[{"embeddable":true,"href":"https:\/\/villaostunitwo.com\/es\/wp-json\/wp\/v2\/users\/1"}],"replies":[{"embeddable":true,"href":"https:\/\/villaostunitwo.com\/es\/wp-json\/wp\/v2\/comments?post=53"}],"version-history":[{"count":0,"href":"https:\/\/villaostunitwo.com\/es\/wp-json\/wp\/v2\/pages\/53\/revisions"}],"wp:attachment":[{"href":"https:\/\/villaostunitwo.com\/es\/wp-json\/wp\/v2\/media?parent=53"}],"curies":[{"name":"wp","href":"https:\/\/api.w.org\/{rel}","templated":true}]}}