{"id":53,"date":"2025-06-10T09:08:06","date_gmt":"2025-06-10T09:08:06","guid":{"rendered":"https:\/\/villaostunitwo.com\/impressum\/"},"modified":"2025-10-20T18:17:09","modified_gmt":"2025-10-20T18:17:09","slug":"impressum","status":"publish","type":"page","link":"https:\/\/villaostunitwo.com\/en\/impressum\/","title":{"rendered":"Imprint"},"content":{"rendered":"<div data-elementor-type=\"wp-page\" data-elementor-id=\"53\" class=\"elementor elementor-53\" data-elementor-post-type=\"page\">\n\t\t\t\t\t\t<section class=\"elementor-section elementor-top-section elementor-element elementor-element-730e4b60 elementor-section-boxed elementor-section-height-default elementor-section-height-default\" data-id=\"730e4b60\" data-element_type=\"section\" data-e-type=\"section\">\n\t\t\t\t\t\t<div class=\"elementor-container elementor-column-gap-default\">\n\t\t\t\t\t<div class=\"elementor-column elementor-col-100 elementor-top-column elementor-element elementor-element-f882ea\" data-id=\"f882ea\" data-element_type=\"column\" data-e-type=\"column\">\n\t\t\t<div class=\"elementor-widget-wrap elementor-element-populated\">\n\t\t\t\t\t\t<div class=\"elementor-element elementor-element-763bd60 elementor-widget elementor-widget-text-editor\" data-id=\"763bd60\" data-element_type=\"widget\" data-e-type=\"widget\" data-widget_type=\"text-editor.default\">\n\t\t\t\t<div class=\"elementor-widget-container\">\n\t\t\t\t\t\t\t\t\t<h2>Imprint<\/h2><p>VILLA OSTUNI TWO S.R.L.,<\/p><p>Business address: <br \/>Via Dott. Francesco Rodio n. 2, 72017 Ostuni, Italy<\/p><p>Location Villa\/Delivery: <br \/>Contrada Vado Aperto s.n.c., 72017 Ostuni<\/p><p>+49 151 15237326<br \/><a style=\"background-color: #ffffff; font-size: 1rem;\" href=\"mailto:info@villaostunitwo.com\">info@villaostunitwo.com<\/a><\/p><p><strong>Represented by:<\/strong><br \/>Claudio Scelsi<\/p><p><strong>Sales tax ID: <\/strong><br \/>Sales tax identification number according to \u00a727a sales tax law:<br \/>IT02774210740<\/p><h2>Note in accordance with the Online Dispute Resolution Regulation<\/h2><p>Under applicable law, we are obliged to inform consumers of the existence of the European Online Dispute Resolution Platform, which can be used to resolve disputes without having to go to court. The European Commission is responsible for setting up the platform. The European online dispute resolution platform can be found here: <a href=\"http:\/\/ec.europa.eu\/odr\" target=\"_blank\" rel=\"nofollow noopener\">http:\/\/ec.europa.eu\/odr<\/a>. Our e-mail is: <a href=\"\/en\/info@villaostunione.com\/\">info@villaostunione.com<\/a><\/p><p>However, we would like to point out that we are not prepared to participate in the dispute resolution procedure within the framework of the European Online Dispute Resolution Platform. Please use our email and telephone number above to contact us.<\/p><h2>Copyright notice<\/h2><p>Photos on the 'Events' subpage and in the 'Events' gallery:<strong> Nicole Wahle<\/strong> (<a href=\"https:\/\/www.instagram.com\/nickywahle.photography\">@nickywahle.photography<\/a>, <a href=\"https:\/\/www.nickywahle-photography.de\">www.nickywahle-photography.de<\/a>)<\/p><p>Video:<strong> Dennis Wahle<\/strong> (<a href=\"https:\/\/www.instagram.com\/german_pic_style_\">@german_pic_style_<\/a>)<\/p><p>More photos: <strong>Format21 GbR<\/strong> - Thomas Drechsler and Sebastian Grabsch (<a href=\"https:\/\/www.instagram.com\/format.21\">@Format.21<\/a>)<\/p><p>All works mentioned are protected by copyright. All rights reserved.<\/p><h2>Disclaimer - legal information<\/h2><p>\u00a7 1 Content warning<br \/>The free and freely accessible content of this website has been created with the greatest possible care. However, the provider of this website accepts no liability for the accuracy and topicality of the free and freely accessible journalistic guides and news provided. Contributions identified by name reflect the opinion of the respective author and not always the opinion of the provider. No contractual relationship is established between the user and the provider simply by accessing the free and freely accessible content; in this respect, the provider's intention to be legally bound is lacking.<\/p><p>\u00a7 2 External links<br \/>This website contains links to third-party websites (\"external links\"). These websites are subject to the liability of the respective operators. When the external links were first created, the provider checked the third-party content for any legal violations. No legal violations were apparent at that time. The provider has no influence whatsoever on the current and future design and content of the linked pages. The inclusion of external links does not mean that the provider adopts the content behind the reference or link as its own. It is not reasonable for the provider to constantly monitor external links without concrete evidence of legal violations. However, such external links will be deleted immediately if we become aware of any legal violations.<\/p><p>\u00a7 3 Copyrights and ancillary copyrights<br \/>The content published on this website is subject to German copyright and ancillary copyright law. Any use not permitted by German copyright and ancillary copyright law requires the prior written consent of the provider or respective rights holder. This applies in particular to the duplication, editing, translation, storage, processing or reproduction of content in databases or other electronic media and systems. Third-party content and rights are identified as such. The unauthorized reproduction or distribution of individual contents or complete pages is not permitted and is punishable by law. Only the production of copies and downloads for personal, private and non-commercial use is permitted.<\/p><p>The presentation of this website in external frames is only permitted with written permission.<\/p><p>\u00a7 4 Special terms of use<br \/>Insofar as special conditions for individual uses of this website deviate from the aforementioned paragraphs, this will be expressly indicated at the appropriate point. In this case, the special terms of use apply in each individual case.<\/p><p>Source: <a href=\"https:\/\/www.juraforum.de\/disclaimer_muster\">Call article<\/a><\/p><p>\u00a0<\/p>\t\t\t\t\t\t\t\t<\/div>\n\t\t\t\t<\/div>\n\t\t\t\t\t<\/div>\n\t\t<\/div>\n\t\t\t\t\t<\/div>\n\t\t<\/section>\n\t\t\t\t<\/div>","protected":false},"excerpt":{"rendered":"<p>Impressum VILLA OSTUNI TWO S.R.L., Gesch\u00e4ftsadresse: Via Dott. Francesco Rodio n. 2, 72017 Ostuni, Italy Location Villa\/Lieferung: Contrada Vado Aperto s.n.c., 72017 Ostuni +49 151 15237326info@villaostunitwo.com Vertreten durch:Claudio Scelsi Umsatzsteuer-ID: Umsatzsteuer-Identifikationsnummer nach \u00a727a Umsatzsteuergesetz:IT02774210740 Hinweis gem\u00e4\u00df Online-Streitbeilegungs-Verordnung Nach geltendem Recht sind wir verpflichtet, Verbraucher auf die Existenz der Europ\u00e4ischen Online-Streitbeilegungs-Plattform hinzuweisen, die f\u00fcr die Beilegung [&hellip;]<\/p>\n","protected":false},"author":1,"featured_media":0,"parent":0,"menu_order":0,"comment_status":"closed","ping_status":"closed","template":"","meta":{"footnotes":""},"class_list":["post-53","page","type-page","status-publish","hentry"],"_links":{"self":[{"href":"https:\/\/villaostunitwo.com\/en\/wp-json\/wp\/v2\/pages\/53","targetHints":{"allow":["GET"]}}],"collection":[{"href":"https:\/\/villaostunitwo.com\/en\/wp-json\/wp\/v2\/pages"}],"about":[{"href":"https:\/\/villaostunitwo.com\/en\/wp-json\/wp\/v2\/types\/page"}],"author":[{"embeddable":true,"href":"https:\/\/villaostunitwo.com\/en\/wp-json\/wp\/v2\/users\/1"}],"replies":[{"embeddable":true,"href":"https:\/\/villaostunitwo.com\/en\/wp-json\/wp\/v2\/comments?post=53"}],"version-history":[{"count":0,"href":"https:\/\/villaostunitwo.com\/en\/wp-json\/wp\/v2\/pages\/53\/revisions"}],"wp:attachment":[{"href":"https:\/\/villaostunitwo.com\/en\/wp-json\/wp\/v2\/media?parent=53"}],"curies":[{"name":"wp","href":"https:\/\/api.w.org\/{rel}","templated":true}]}}