{"id":3670,"date":"2025-08-12T12:31:48","date_gmt":"2025-08-12T12:31:48","guid":{"rendered":"https:\/\/villaostunitwo.com\/?page_id=3670"},"modified":"2025-10-20T11:26:48","modified_gmt":"2025-10-20T11:26:48","slug":"events","status":"publish","type":"page","link":"https:\/\/villaostunitwo.com\/en\/events\/","title":{"rendered":"Events"},"content":{"rendered":"\t\t<div data-elementor-type=\"wp-page\" data-elementor-id=\"3670\" class=\"elementor elementor-3670\" data-elementor-post-type=\"page\">\n\t\t\t\t\t\t<section class=\"elementor-section elementor-top-section elementor-element elementor-element-37e1d9a elementor-section-content-middle elementor-section-full_width elementor-section-height-default elementor-section-height-default\" data-id=\"37e1d9a\" data-element_type=\"section\" data-e-type=\"section\">\n\t\t\t\t\t\t<div class=\"elementor-container elementor-column-gap-no\">\n\t\t\t\t\t<div class=\"elementor-column elementor-col-50 elementor-top-column elementor-element elementor-element-82360ec\" data-id=\"82360ec\" data-element_type=\"column\" data-e-type=\"column\">\n\t\t\t<div class=\"elementor-widget-wrap elementor-element-populated\">\n\t\t\t\t\t\t<div class=\"elementor-element elementor-element-c91c9cf elementor-widget elementor-widget-heading\" data-id=\"c91c9cf\" data-element_type=\"widget\" data-e-type=\"widget\" data-widget_type=\"heading.default\">\n\t\t\t\t<div class=\"elementor-widget-container\">\n\t\t\t\t\t<h1 class=\"elementor-heading-title elementor-size-default\">Ihre exklusive Eventlocation in Apulien<\/h1>\t\t\t\t<\/div>\n\t\t\t\t<\/div>\n\t\t\t\t<div class=\"elementor-element elementor-element-6ab6a24 elementor-widget elementor-widget-text-editor\" data-id=\"6ab6a24\" data-element_type=\"widget\" data-e-type=\"widget\" data-widget_type=\"text-editor.default\">\n\t\t\t\t<div class=\"elementor-widget-container\">\n\t\t\t\t\t\t\t\t\t<p>Neben der Nutzung als Ferienvilla kann die Villa Ostuni Two auch als stilvolle Eventlocation gemietet werden. Ob Hochzeiten, private Feiern oder besondere Anl\u00e4sse wie Business-Events \u2013 die luxuri\u00f6se Atmosph\u00e4re und die idyllische Umgebung bieten den perfekten Rahmen f\u00fcr unvergessliche Momente.<\/p>\t\t\t\t\t\t\t\t<\/div>\n\t\t\t\t<\/div>\n\t\t\t\t\t<\/div>\n\t\t<\/div>\n\t\t\t\t<div class=\"elementor-column elementor-col-50 elementor-top-column elementor-element elementor-element-dac3e2f\" data-id=\"dac3e2f\" data-element_type=\"column\" data-e-type=\"column\">\n\t\t\t<div class=\"elementor-widget-wrap elementor-element-populated\">\n\t\t\t\t\t\t<div class=\"elementor-element elementor-element-535313c elementor-widget elementor-widget-image\" data-id=\"535313c\" data-element_type=\"widget\" data-e-type=\"widget\" data-widget_type=\"image.default\">\n\t\t\t\t<div class=\"elementor-widget-container\">\n\t\t\t\t\t\t\t\t\t\t\t\t\t\t\t<img fetchpriority=\"high\" decoding=\"async\" width=\"800\" height=\"534\" src=\"https:\/\/villaostunitwo.com\/wp-content\/uploads\/2025\/08\/338-nicky-wahle-fotografie-villa-ostuni-two-01784-1024x683.jpg\" class=\"attachment-large size-large wp-image-3681\" alt=\"\" srcset=\"https:\/\/villaostunitwo.com\/wp-content\/uploads\/2025\/08\/338-nicky-wahle-fotografie-villa-ostuni-two-01784-1024x683.jpg 1024w, https:\/\/villaostunitwo.com\/wp-content\/uploads\/2025\/08\/338-nicky-wahle-fotografie-villa-ostuni-two-01784-300x200.jpg 300w, https:\/\/villaostunitwo.com\/wp-content\/uploads\/2025\/08\/338-nicky-wahle-fotografie-villa-ostuni-two-01784-768x512.jpg 768w, https:\/\/villaostunitwo.com\/wp-content\/uploads\/2025\/08\/338-nicky-wahle-fotografie-villa-ostuni-two-01784-1536x1024.jpg 1536w, https:\/\/villaostunitwo.com\/wp-content\/uploads\/2025\/08\/338-nicky-wahle-fotografie-villa-ostuni-two-01784-18x12.jpg 18w, https:\/\/villaostunitwo.com\/wp-content\/uploads\/2025\/08\/338-nicky-wahle-fotografie-villa-ostuni-two-01784.jpg 1920w\" sizes=\"(max-width: 800px) 100vw, 800px\" \/>\t\t\t\t\t\t\t\t\t\t\t\t\t\t\t<\/div>\n\t\t\t\t<\/div>\n\t\t\t\t\t<\/div>\n\t\t<\/div>\n\t\t\t\t\t<\/div>\n\t\t<\/section>\n\t\t\t\t<section class=\"elementor-section elementor-top-section elementor-element elementor-element-83d701d elementor-section-content-middle elementor-section-full_width elementor-section-height-default elementor-section-height-default\" data-id=\"83d701d\" data-element_type=\"section\" data-e-type=\"section\">\n\t\t\t\t\t\t<div class=\"elementor-container elementor-column-gap-no\">\n\t\t\t\t\t<div class=\"elementor-column elementor-col-50 elementor-top-column elementor-element elementor-element-015bac4\" data-id=\"015bac4\" data-element_type=\"column\" data-e-type=\"column\">\n\t\t\t<div class=\"elementor-widget-wrap elementor-element-populated\">\n\t\t\t\t\t\t<div class=\"elementor-element elementor-element-437c80e elementor-widget elementor-widget-image\" data-id=\"437c80e\" data-element_type=\"widget\" data-e-type=\"widget\" data-widget_type=\"image.default\">\n\t\t\t\t<div class=\"elementor-widget-container\">\n\t\t\t\t\t\t\t\t\t\t\t\t\t\t\t<img decoding=\"async\" width=\"800\" height=\"534\" src=\"https:\/\/villaostunitwo.com\/wp-content\/uploads\/2025\/08\/392-nicky-wahle-fotografie-villa-ostuni-two-01903-1024x683.jpg\" class=\"attachment-large size-large wp-image-3683\" alt=\"\" srcset=\"https:\/\/villaostunitwo.com\/wp-content\/uploads\/2025\/08\/392-nicky-wahle-fotografie-villa-ostuni-two-01903-1024x683.jpg 1024w, https:\/\/villaostunitwo.com\/wp-content\/uploads\/2025\/08\/392-nicky-wahle-fotografie-villa-ostuni-two-01903-300x200.jpg 300w, https:\/\/villaostunitwo.com\/wp-content\/uploads\/2025\/08\/392-nicky-wahle-fotografie-villa-ostuni-two-01903-768x512.jpg 768w, https:\/\/villaostunitwo.com\/wp-content\/uploads\/2025\/08\/392-nicky-wahle-fotografie-villa-ostuni-two-01903-1536x1024.jpg 1536w, https:\/\/villaostunitwo.com\/wp-content\/uploads\/2025\/08\/392-nicky-wahle-fotografie-villa-ostuni-two-01903-18x12.jpg 18w, https:\/\/villaostunitwo.com\/wp-content\/uploads\/2025\/08\/392-nicky-wahle-fotografie-villa-ostuni-two-01903.jpg 1920w\" sizes=\"(max-width: 800px) 100vw, 800px\" \/>\t\t\t\t\t\t\t\t\t\t\t\t\t\t\t<\/div>\n\t\t\t\t<\/div>\n\t\t\t\t\t<\/div>\n\t\t<\/div>\n\t\t\t\t<div class=\"elementor-column elementor-col-50 elementor-top-column elementor-element elementor-element-4ad927e\" data-id=\"4ad927e\" data-element_type=\"column\" data-e-type=\"column\">\n\t\t\t<div class=\"elementor-widget-wrap elementor-element-populated\">\n\t\t\t\t\t\t<div class=\"elementor-element elementor-element-33d982d elementor-widget elementor-widget-text-editor\" data-id=\"33d982d\" data-element_type=\"widget\" data-e-type=\"widget\" data-widget_type=\"text-editor.default\">\n\t\t\t\t<div class=\"elementor-widget-container\">\n\t\t\t\t\t\t\t\t\t<p>\u2981 <strong>Perfekte Hochzeitslocation:<\/strong> <br \/>Traumhafte Kulisse f\u00fcr Ihre Zeremonie<br \/>\u2981 <strong>Private Feiern &amp; Events:<\/strong> <br \/>Exklusive Veranstaltungen in einzigartigem Ambiente<br \/>\u2981<strong> Businesslocation:<\/strong> <br \/>Ob Joga oder sonstige Business-Events \u2026<br \/>\u2981<strong> Individuelle Planung:<\/strong> <br \/>Optionale Services wie Catering &amp; Dekoration verf\u00fcgbar<\/p>\t\t\t\t\t\t\t\t<\/div>\n\t\t\t\t<\/div>\n\t\t\t\t\t<\/div>\n\t\t<\/div>\n\t\t\t\t\t<\/div>\n\t\t<\/section>\n\t\t\t\t<section class=\"elementor-section elementor-top-section elementor-element elementor-element-c5c4d78 elementor-section-content-middle elementor-section-boxed elementor-section-height-default elementor-section-height-default\" data-id=\"c5c4d78\" data-element_type=\"section\" data-e-type=\"section\">\n\t\t\t\t\t\t<div class=\"elementor-container elementor-column-gap-no\">\n\t\t\t\t\t<div class=\"elementor-column elementor-col-50 elementor-top-column elementor-element elementor-element-c469971\" data-id=\"c469971\" data-element_type=\"column\" data-e-type=\"column\">\n\t\t\t<div class=\"elementor-widget-wrap elementor-element-populated\">\n\t\t\t\t\t\t<div class=\"elementor-element elementor-element-eae20fd elementor-widget elementor-widget-heading\" data-id=\"eae20fd\" data-element_type=\"widget\" data-e-type=\"widget\" data-widget_type=\"heading.default\">\n\t\t\t\t<div class=\"elementor-widget-container\">\n\t\t\t\t\t<h1 class=\"elementor-heading-title elementor-size-default\">Jetzt anfragen! <\/h1>\t\t\t\t<\/div>\n\t\t\t\t<\/div>\n\t\t\t\t\t<\/div>\n\t\t<\/div>\n\t\t\t\t<div class=\"elementor-column elementor-col-50 elementor-top-column elementor-element elementor-element-1458287\" data-id=\"1458287\" data-element_type=\"column\" data-e-type=\"column\">\n\t\t\t<div class=\"elementor-widget-wrap elementor-element-populated\">\n\t\t\t\t\t\t<section class=\"elementor-section elementor-inner-section elementor-element elementor-element-5659cb5 elementor-section-boxed elementor-section-height-default elementor-section-height-default\" data-id=\"5659cb5\" data-element_type=\"section\" data-e-type=\"section\">\n\t\t\t\t\t\t<div class=\"elementor-container elementor-column-gap-default\">\n\t\t\t\t\t<div class=\"elementor-column elementor-col-100 elementor-inner-column elementor-element elementor-element-fe62c37\" data-id=\"fe62c37\" data-element_type=\"column\" data-e-type=\"column\">\n\t\t\t<div class=\"elementor-widget-wrap elementor-element-populated\">\n\t\t\t\t\t\t<div class=\"elementor-element elementor-element-8d54144 elementor-button-align-stretch elementor-widget elementor-widget-form\" data-id=\"8d54144\" data-element_type=\"widget\" data-e-type=\"widget\" data-settings=\"{&quot;step_next_label&quot;:&quot;N\\u00e4chster&quot;,&quot;step_previous_label&quot;:&quot;Voriger&quot;,&quot;button_width&quot;:&quot;100&quot;,&quot;step_type&quot;:&quot;number_text&quot;,&quot;step_icon_shape&quot;:&quot;circle&quot;}\" data-widget_type=\"form.default\">\n\t\t\t\t<div class=\"elementor-widget-container\">\n\t\t\t\t\t\t\t<form class=\"elementor-form\" method=\"post\" name=\"New Form\" aria-label=\"New Form\">\n\t\t\t<input type=\"hidden\" name=\"post_id\" value=\"3670\"\/>\n\t\t\t<input type=\"hidden\" name=\"form_id\" value=\"8d54144\"\/>\n\t\t\t<input type=\"hidden\" name=\"referer_title\" value=\"Events\" \/>\n\n\t\t\t\t\t\t\t<input type=\"hidden\" name=\"queried_id\" value=\"3670\"\/>\n\t\t\t\n\t\t\t<div class=\"elementor-form-fields-wrapper elementor-labels-\">\n\t\t\t\t\t\t\t\t<div class=\"elementor-field-type-text elementor-field-group elementor-column elementor-field-group-name elementor-col-100 elementor-field-required\">\n\t\t\t\t\t\t\t\t\t\t\t\t<label for=\"form-field-name\" class=\"elementor-field-label elementor-screen-only\">\n\t\t\t\t\t\t\t\tName\t\t\t\t\t\t\t<\/label>\n\t\t\t\t\t\t\t\t\t\t\t\t\t\t<input size=\"1\" type=\"text\" name=\"form_fields[name]\" id=\"form-field-name\" class=\"elementor-field elementor-size-md  elementor-field-textual\" placeholder=\"Name\" required=\"required\">\n\t\t\t\t\t\t\t\t\t\t\t<\/div>\n\t\t\t\t\t\t\t\t<div class=\"elementor-field-type-tel elementor-field-group elementor-column elementor-field-group-field_b2817bd elementor-col-100 elementor-field-required\">\n\t\t\t\t\t\t\t\t\t\t\t\t<label for=\"form-field-field_b2817bd\" class=\"elementor-field-label elementor-screen-only\">\n\t\t\t\t\t\t\t\tTelefon\t\t\t\t\t\t\t<\/label>\n\t\t\t\t\t\t\t\t<input size=\"1\" type=\"tel\" name=\"form_fields[field_b2817bd]\" id=\"form-field-field_b2817bd\" class=\"elementor-field elementor-size-md  elementor-field-textual\" placeholder=\"Telefon\" required=\"required\" pattern=\"[0-9()#&amp;+*-=.]+\" title=\"\u041f\u0440\u0438\u043d\u0438\u043c\u0430\u044e\u0442\u0441\u044f \u0442\u043e\u043b\u044c\u043a\u043e \u0446\u0438\u0444\u0440\u044b \u0438 \u0442\u0435\u043b\u0435\u0444\u043e\u043d\u043d\u044b\u0435 \u0441\u0438\u043c\u0432\u043e\u043b\u044b (#, -, * \u0438 \u0442. \u0434.).\">\n\n\t\t\t\t\t\t<\/div>\n\t\t\t\t\t\t\t\t<div class=\"elementor-field-type-email elementor-field-group elementor-column elementor-field-group-email elementor-col-100 elementor-field-required\">\n\t\t\t\t\t\t\t\t\t\t\t\t<label for=\"form-field-email\" class=\"elementor-field-label elementor-screen-only\">\n\t\t\t\t\t\t\t\tE-Mail\t\t\t\t\t\t\t<\/label>\n\t\t\t\t\t\t\t\t\t\t\t\t\t\t<input size=\"1\" type=\"email\" name=\"form_fields[email]\" id=\"form-field-email\" class=\"elementor-field elementor-size-md  elementor-field-textual\" placeholder=\"E-Mail\" required=\"required\">\n\t\t\t\t\t\t\t\t\t\t\t<\/div>\n\t\t\t\t\t\t\t\t<div class=\"elementor-field-type-textarea elementor-field-group elementor-column elementor-field-group-message elementor-col-100 elementor-field-required\">\n\t\t\t\t\t\t\t\t\t\t\t\t<label for=\"form-field-message\" class=\"elementor-field-label elementor-screen-only\">\n\t\t\t\t\t\t\t\tMessage\t\t\t\t\t\t\t<\/label>\n\t\t\t\t\t\t<textarea class=\"elementor-field-textual elementor-field  elementor-size-md\" name=\"form_fields[message]\" id=\"form-field-message\" rows=\"4\" placeholder=\"Ihre Nachricht an uns\" required=\"required\"><\/textarea>\t\t\t\t<\/div>\n\t\t\t\t\t\t\t\t<div class=\"elementor-field-group elementor-column elementor-field-type-submit elementor-col-100 e-form__buttons\">\n\t\t\t\t\t<button class=\"elementor-button elementor-size-md\" type=\"submit\">\n\t\t\t\t\t\t<span class=\"elementor-button-content-wrapper\">\n\t\t\t\t\t\t\t\t\t\t\t\t\t\t\t\t\t\t\t\t\t\t<span class=\"elementor-button-text\">Sende Nachricht<\/span>\n\t\t\t\t\t\t\t\t\t\t\t\t\t<\/span>\n\t\t\t\t\t<\/button>\n\t\t\t\t<\/div>\n\t\t\t<\/div>\n\t\t<\/form>\n\t\t\t\t\t\t<\/div>\n\t\t\t\t<\/div>\n\t\t\t\t\t<\/div>\n\t\t<\/div>\n\t\t\t\t\t<\/div>\n\t\t<\/section>\n\t\t\t\t\t<\/div>\n\t\t<\/div>\n\t\t\t\t\t<\/div>\n\t\t<\/section>\n\t\t\t\t<\/div>\n\t\t","protected":false},"excerpt":{"rendered":"<p>Ihre exklusive Eventlocation in Apulien Neben der Nutzung als Ferienvilla kann die Villa Ostuni Two auch als stilvolle Eventlocation gemietet werden. Ob Hochzeiten, private Feiern oder besondere Anl\u00e4sse wie Business-Events \u2013 die luxuri\u00f6se Atmosph\u00e4re und die idyllische Umgebung bieten den perfekten Rahmen f\u00fcr unvergessliche Momente. \u2981 Perfekte Hochzeitslocation: Traumhafte Kulisse f\u00fcr Ihre Zeremonie\u2981 Private Feiern [&hellip;]<\/p>\n","protected":false},"author":1,"featured_media":0,"parent":0,"menu_order":0,"comment_status":"closed","ping_status":"closed","template":"","meta":{"footnotes":""},"class_list":["post-3670","page","type-page","status-publish","hentry"],"_links":{"self":[{"href":"https:\/\/villaostunitwo.com\/en\/wp-json\/wp\/v2\/pages\/3670","targetHints":{"allow":["GET"]}}],"collection":[{"href":"https:\/\/villaostunitwo.com\/en\/wp-json\/wp\/v2\/pages"}],"about":[{"href":"https:\/\/villaostunitwo.com\/en\/wp-json\/wp\/v2\/types\/page"}],"author":[{"embeddable":true,"href":"https:\/\/villaostunitwo.com\/en\/wp-json\/wp\/v2\/users\/1"}],"replies":[{"embeddable":true,"href":"https:\/\/villaostunitwo.com\/en\/wp-json\/wp\/v2\/comments?post=3670"}],"version-history":[{"count":0,"href":"https:\/\/villaostunitwo.com\/en\/wp-json\/wp\/v2\/pages\/3670\/revisions"}],"wp:attachment":[{"href":"https:\/\/villaostunitwo.com\/en\/wp-json\/wp\/v2\/media?parent=3670"}],"curies":[{"name":"wp","href":"https:\/\/api.w.org\/{rel}","templated":true}]}}